{"id":69,"date":"2024-01-07T17:59:10","date_gmt":"2024-01-07T17:59:10","guid":{"rendered":"https:\/\/xn--logopdische-praxis-katrin-karstedt-f4c.de\/?page_id=69"},"modified":"2025-06-10T17:47:41","modified_gmt":"2025-06-10T17:47:41","slug":"therapiebereich","status":"publish","type":"page","link":"https:\/\/xn--logopdische-praxis-katrin-karstedt-f4c.de\/?page_id=69","title":{"rendered":"Therapiebereich"},"content":{"rendered":"\n<p class=\"has-medium-font-size\"><br><strong>Kassen- und Privatleistungen<\/strong><\/p>\n\n\n\n<ul class=\"wp-block-list\">\n<li>Beratung, Pr\u00e4vention, Diagnostik und Therapie von Sprach- Sprech- und <\/li>\n\n\n\n<li>Stimmst\u00f6rungenStimmst\u00f6rungen\/Dysphonien (funktionell, organisch, psychogen)<\/li>\n\n\n\n<li>Sprachentwicklungsst\u00f6rungen<\/li>\n\n\n\n<li>Sprechmotorikst\u00f6rungen<\/li>\n\n\n\n<li>auditive Wahrnehmungs- und Verarbeitungsst\u00f6rungen<\/li>\n\n\n\n<li>Dysfunktionen der orofacialen Muskulatur<\/li>\n\n\n\n<li>Stottern<\/li>\n\n\n\n<li>Poltern<\/li>\n\n\n\n<li>Rhinophonie<\/li>\n\n\n\n<li>Redefluss<\/li>\n\n\n\n<li>Neurologische St\u00f6rungen (Aphasie, Parkinson, ALS, MS)<\/li>\n\n\n\n<li>Sch\u00e4digungen im Kopf-Halsbereich<\/li>\n\n\n\n<li>LRS &#8211; Lese- und Rechtschreibst\u00f6rung<\/li>\n\n\n\n<li>MFT &#8211; Myofunktionelle Therapie &#8211; Kieferorthop\u00e4die (Fehlstellungen \/ Fehlfunktionen)<\/li>\n<\/ul>\n\n\n\n<p class=\"has-medium-font-size\"><strong>Privatleistungen<\/strong><\/p>\n\n\n\n<ul class=\"wp-block-list\">\n<li>Psychologische Beratungssitzungen und Entspannungstechniken<\/li>\n\n\n\n<li>Hilfe zur Selbsthilfe<\/li>\n\n\n\n<li>Aufarbeitung und \u00dcberwindung sozialer Konflikte<\/li>\n\n\n\n<li>L\u00f6sungsvisionen<\/li>\n\n\n\n<li>Bew\u00e4ltigungsm\u00f6glichkeiten bei Problemen<\/li>\n\n\n\n<li>Kompetenzf\u00f6rderung des Klienten f\u00fcr eigenst\u00e4ndige Probleml\u00f6sung<\/li>\n\n\n\n<li>Einzel- und Paarberatung, auch Kinder<\/li>\n\n\n\n<li>Gespr\u00e4chstherapeutische Ans\u00e4tze<\/li>\n\n\n\n<li>Verhaltenstherapeutische Ans\u00e4tze<\/li>\n\n\n\n<li>Psychoanalytische Ans\u00e4tze<\/li>\n\n\n\n<li>Personenzentrierte Ans\u00e4tze<\/li>\n\n\n\n<li>Entspannungstechniken ( Seminarleiterin f\u00fcr Autogenes Training AT, und progressive Muskelrelaxation PMR ) <\/li>\n\n\n\n<li>Psychologische Kinesiologie<\/li>\n\n\n\n<li>Praktische Psychologie<\/li>\n\n\n\n<li>Kinder Psychologie<\/li>\n<\/ul>\n\n\n\n<p>Ich bin stets interessiert Weiterbildungen wahrzunehmen um mein Leistungsangebot zu erweitern.<\/p>\n\n\n\n<p><br><\/p>\n\n\n\n<figure class=\"wp-block-gallery has-nested-images columns-default is-cropped wp-block-gallery-1 is-layout-flex wp-block-gallery-is-layout-flex\">\n<figure class=\"wp-block-image size-large\"><img loading=\"lazy\" decoding=\"async\" width=\"1024\" height=\"843\" data-id=\"136\" src=\"https:\/\/xn--logopdische-praxis-katrin-karstedt-f4c.de\/wp-content\/uploads\/2025\/06\/IMG_9427-1024x843.jpg\" alt=\"\" class=\"wp-image-136\" srcset=\"https:\/\/xn--logopdische-praxis-katrin-karstedt-f4c.de\/wp-content\/uploads\/2025\/06\/IMG_9427-1024x843.jpg 1024w, https:\/\/xn--logopdische-praxis-katrin-karstedt-f4c.de\/wp-content\/uploads\/2025\/06\/IMG_9427-300x247.jpg 300w, https:\/\/xn--logopdische-praxis-katrin-karstedt-f4c.de\/wp-content\/uploads\/2025\/06\/IMG_9427-768x632.jpg 768w, https:\/\/xn--logopdische-praxis-katrin-karstedt-f4c.de\/wp-content\/uploads\/2025\/06\/IMG_9427-1536x1265.jpg 1536w, https:\/\/xn--logopdische-praxis-katrin-karstedt-f4c.de\/wp-content\/uploads\/2025\/06\/IMG_9427-2048x1686.jpg 2048w, https:\/\/xn--logopdische-praxis-katrin-karstedt-f4c.de\/wp-content\/uploads\/2025\/06\/IMG_9427-1140x939.jpg 1140w\" sizes=\"auto, (max-width: 1024px) 100vw, 1024px\" \/><\/figure>\n<\/figure>\n","protected":false},"excerpt":{"rendered":"<p>Kassen- und Privatleistungen Privatleistungen Ich bin stets interessiert Weiterbildungen wahrzunehmen um mein Leistungsangebot zu erweitern.<\/p>\n","protected":false},"author":1,"featured_media":0,"parent":0,"menu_order":0,"comment_status":"closed","ping_status":"closed","template":"","meta":{"footnotes":""},"class_list":["post-69","page","type-page","status-publish","hentry"],"_links":{"self":[{"href":"https:\/\/xn--logopdische-praxis-katrin-karstedt-f4c.de\/index.php?rest_route=\/wp\/v2\/pages\/69","targetHints":{"allow":["GET"]}}],"collection":[{"href":"https:\/\/xn--logopdische-praxis-katrin-karstedt-f4c.de\/index.php?rest_route=\/wp\/v2\/pages"}],"about":[{"href":"https:\/\/xn--logopdische-praxis-katrin-karstedt-f4c.de\/index.php?rest_route=\/wp\/v2\/types\/page"}],"author":[{"embeddable":true,"href":"https:\/\/xn--logopdische-praxis-katrin-karstedt-f4c.de\/index.php?rest_route=\/wp\/v2\/users\/1"}],"replies":[{"embeddable":true,"href":"https:\/\/xn--logopdische-praxis-katrin-karstedt-f4c.de\/index.php?rest_route=%2Fwp%2Fv2%2Fcomments&post=69"}],"version-history":[{"count":7,"href":"https:\/\/xn--logopdische-praxis-katrin-karstedt-f4c.de\/index.php?rest_route=\/wp\/v2\/pages\/69\/revisions"}],"predecessor-version":[{"id":138,"href":"https:\/\/xn--logopdische-praxis-katrin-karstedt-f4c.de\/index.php?rest_route=\/wp\/v2\/pages\/69\/revisions\/138"}],"wp:attachment":[{"href":"https:\/\/xn--logopdische-praxis-katrin-karstedt-f4c.de\/index.php?rest_route=%2Fwp%2Fv2%2Fmedia&parent=69"}],"curies":[{"name":"wp","href":"https:\/\/api.w.org\/{rel}","templated":true}]}}