{"id":36,"date":"2024-01-07T16:55:01","date_gmt":"2024-01-07T16:55:01","guid":{"rendered":"https:\/\/xn--logopdische-praxis-katrin-karstedt-f4c.de\/?page_id=36"},"modified":"2025-06-10T17:43:15","modified_gmt":"2025-06-10T17:43:15","slug":"katrin-karstedt","status":"publish","type":"page","link":"https:\/\/xn--logopdische-praxis-katrin-karstedt-f4c.de\/?page_id=36","title":{"rendered":"Katrin Karstedt"},"content":{"rendered":"\n<p class=\"has-text-align-center has-medium-font-size\"><strong>&#8211; staatlich gepr\u00fcfte Logop\u00e4din<\/strong> &#8211;<\/p>\n\n\n\n<p><\/p>\n\n\n\n<hr class=\"wp-block-separator has-alpha-channel-opacity\"\/>\n\n\n\n<p><\/p>\n\n\n<div class=\"wp-block-image\">\n<figure class=\"aligncenter size-full\"><img loading=\"lazy\" decoding=\"async\" width=\"1688\" height=\"2160\" src=\"https:\/\/xn--logopdische-praxis-katrin-karstedt-f4c.de\/wp-content\/uploads\/2025\/06\/IMG_9450.jpg\" alt=\"\" class=\"wp-image-133\" srcset=\"https:\/\/xn--logopdische-praxis-katrin-karstedt-f4c.de\/wp-content\/uploads\/2025\/06\/IMG_9450.jpg 1688w, https:\/\/xn--logopdische-praxis-katrin-karstedt-f4c.de\/wp-content\/uploads\/2025\/06\/IMG_9450-234x300.jpg 234w, https:\/\/xn--logopdische-praxis-katrin-karstedt-f4c.de\/wp-content\/uploads\/2025\/06\/IMG_9450-800x1024.jpg 800w, https:\/\/xn--logopdische-praxis-katrin-karstedt-f4c.de\/wp-content\/uploads\/2025\/06\/IMG_9450-768x983.jpg 768w, https:\/\/xn--logopdische-praxis-katrin-karstedt-f4c.de\/wp-content\/uploads\/2025\/06\/IMG_9450-1200x1536.jpg 1200w, https:\/\/xn--logopdische-praxis-katrin-karstedt-f4c.de\/wp-content\/uploads\/2025\/06\/IMG_9450-1600x2048.jpg 1600w, https:\/\/xn--logopdische-praxis-katrin-karstedt-f4c.de\/wp-content\/uploads\/2025\/06\/IMG_9450-1140x1459.jpg 1140w\" sizes=\"auto, (max-width: 1688px) 100vw, 1688px\" \/><\/figure><\/div>\n\n\n<p><\/p>\n\n\n\n<hr class=\"wp-block-separator has-alpha-channel-opacity\"\/>\n\n\n\n<p><\/p>\n\n\n\n<p class=\"has-medium-font-size\"><strong>Logop\u00e4die<\/strong><\/p>\n\n\n\n<ul class=\"wp-block-list\">\n<li>Beratung, Pr\u00e4vention, Diagnostik und Therapie von Sprach- Sprech- und Stimmst\u00f6rungen<\/li>\n\n\n\n<li>Stimmst\u00f6rungen\/Dysphonien (funktionell, organisch, psychogen)<\/li>\n\n\n\n<li>Sprachentwicklungsst\u00f6rungen<\/li>\n\n\n\n<li>Sprechmotorikst\u00f6rungen<\/li>\n\n\n\n<li>auditive Wahrnehmungs- und Verarbeitungsst\u00f6rungen<\/li>\n\n\n\n<li>Dysfunktionen der orofacialen Muskulatur<\/li>\n\n\n\n<li>Stottern<\/li>\n\n\n\n<li>Poltern<\/li>\n\n\n\n<li>Rhinophonie<\/li>\n\n\n\n<li>Redefluss<\/li>\n\n\n\n<li>Neurologische St\u00f6rungen (Aphasie, Parkinson, ALS, MS)<\/li>\n\n\n\n<li>Sch\u00e4digungen im Kopf-Halsbereich<\/li>\n\n\n\n<li>Manuelle Stimmtherapie<\/li>\n<\/ul>\n\n\n\n<p class=\"has-medium-font-size\"><strong>Psychologische Beratungssitzungen und Entspannungstechniken<\/strong><\/p>\n\n\n\n<ul class=\"wp-block-list\">\n<li>Hilfe zur Selbsthilfe<\/li>\n\n\n\n<li>Aufarbeitung und \u00dcberwindung sozialer Konflikte<\/li>\n\n\n\n<li>L\u00f6sungsvisionen<\/li>\n\n\n\n<li>Bew\u00e4ltigungsm\u00f6glichkeiten bei Problemen<\/li>\n\n\n\n<li>Kompetenzf\u00f6rderung des Klienten f\u00fcr eigenst\u00e4ndige Probleml\u00f6sung<\/li>\n\n\n\n<li>Einzel- und Paarberatung, auch Kinder<\/li>\n\n\n\n<li>Gespr\u00e4chstherapeutische Ans\u00e4tze<\/li>\n\n\n\n<li>Verhaltenstherapeutische Ans\u00e4tze<\/li>\n\n\n\n<li>Psychoanalytische Ans\u00e4tze<\/li>\n\n\n\n<li>Personenzentrierte Ans\u00e4tze<\/li>\n\n\n\n<li>Entspannungstechniken ( Seminarleiterin f\u00fcr Autogenes Training AT, und progressive Muskelrelaxation PMR )<\/li>\n<\/ul>\n\n\n\n<p class=\"has-medium-font-size\"><strong>Psychologische Kinesiologie<\/strong><\/p>\n\n\n\n<ul class=\"wp-block-list\">\n<li>Muskeltest als Kommunikationsbr\u00fccke zum Unbewussten und K\u00f6rper<\/li>\n\n\n\n<li>Kinesiologie steht f\u00fcr Bewegungslehre und Untersuchung der Reaktionsweise spezieller Muskeln<\/li>\n\n\n\n<li>unterst\u00fctzend bei Psychologischer Beratung und Logop\u00e4discher Therapie<\/li>\n\n\n\n<li>Abbau von Stressfaktoren bez\u00fcglich der Sprache und des Sprechens<\/li>\n<\/ul>\n\n\n\n<p><\/p>\n","protected":false},"excerpt":{"rendered":"<p>&#8211; staatlich gepr\u00fcfte Logop\u00e4din &#8211; Logop\u00e4die Psychologische Beratungssitzungen und Entspannungstechniken Psychologische Kinesiologie<\/p>\n","protected":false},"author":1,"featured_media":0,"parent":0,"menu_order":0,"comment_status":"closed","ping_status":"closed","template":"","meta":{"footnotes":""},"class_list":["post-36","page","type-page","status-publish","hentry"],"_links":{"self":[{"href":"https:\/\/xn--logopdische-praxis-katrin-karstedt-f4c.de\/index.php?rest_route=\/wp\/v2\/pages\/36","targetHints":{"allow":["GET"]}}],"collection":[{"href":"https:\/\/xn--logopdische-praxis-katrin-karstedt-f4c.de\/index.php?rest_route=\/wp\/v2\/pages"}],"about":[{"href":"https:\/\/xn--logopdische-praxis-katrin-karstedt-f4c.de\/index.php?rest_route=\/wp\/v2\/types\/page"}],"author":[{"embeddable":true,"href":"https:\/\/xn--logopdische-praxis-katrin-karstedt-f4c.de\/index.php?rest_route=\/wp\/v2\/users\/1"}],"replies":[{"embeddable":true,"href":"https:\/\/xn--logopdische-praxis-katrin-karstedt-f4c.de\/index.php?rest_route=%2Fwp%2Fv2%2Fcomments&post=36"}],"version-history":[{"count":7,"href":"https:\/\/xn--logopdische-praxis-katrin-karstedt-f4c.de\/index.php?rest_route=\/wp\/v2\/pages\/36\/revisions"}],"predecessor-version":[{"id":135,"href":"https:\/\/xn--logopdische-praxis-katrin-karstedt-f4c.de\/index.php?rest_route=\/wp\/v2\/pages\/36\/revisions\/135"}],"wp:attachment":[{"href":"https:\/\/xn--logopdische-praxis-katrin-karstedt-f4c.de\/index.php?rest_route=%2Fwp%2Fv2%2Fmedia&parent=36"}],"curies":[{"name":"wp","href":"https:\/\/api.w.org\/{rel}","templated":true}]}}